{"id":826,"date":"2018-01-11T18:49:20","date_gmt":"2018-01-11T17:49:20","guid":{"rendered":"https:\/\/www.sprachschule-aktiv-dortmund.de\/home\/"},"modified":"2021-01-11T20:00:54","modified_gmt":"2021-01-11T19:00:54","slug":"home","status":"publish","type":"page","link":"https:\/\/www.sprachschule-aktiv-dortmund.de\/fr\/","title":{"rendered":"Home"},"content":{"rendered":"<p>[vc_row full_width=&#8221;stretch_row_content_no_spaces&#8221; content_placement=&#8221;middle&#8221; css=&#8221;.vc_custom_1609838805447{background: #d6d5d3 url(https:\/\/www.sprachschule-aktiv-muenchen.de\/wp-content\/uploads\/2021\/01\/fondo-2.jpg?id=61569) !important;background-position: 0 0 !important;background-repeat: repeat !important;}&#8221;][vc_column width=&#8221;1\/2&#8243;][vc_single_image image=&#8221;1560&#8243; img_size=&#8221;full&#8221; alignment=&#8221;center&#8221;][\/vc_column][vc_column width=&#8221;1\/2&#8243; css=&#8221;.vc_custom_1609834442227{background-position: center !important;background-repeat: no-repeat !important;background-size: contain !important;}&#8221;][vc_column_text]<\/p>\n<div class=\"slidetitel\">Bienvenue<\/div>\n<p>[\/vc_column_text][vc_column_text]<\/p>\n<p style=\"text-align: center; font-size: 40px; margin-top: 15px;\">Apprendre l&#8217;allemand \u00e0 Dortmund<\/p>\n<p>[\/vc_column_text][vc_row_inner css=&#8221;.vc_custom_1609833991579{margin-top: 10px !important;}&#8221;][vc_column_inner]\t<div class=\"vc_btn3-container vc_btn3-center\">\n\t\t<a href=\"https:\/\/www.sprachschule-aktiv-dortmund.de\/fr\/contactez-nous\/\" class=\"pgs_btn pgs_btn_style_1 pgs_btn_xl\">\n\t\t\t<span>\n\t\t\t\tContactez-nous\t\t\t<\/span>\n\t\t\t\t\t\t<i class=\"fa fa-angle-double-right\"><\/i>\n\t\t\t\t\t<\/a>\n\t<\/div>\n\t\t<div class=\"vc_btn3-container vc_btn3-center\">\n\t\t<a href=\"https:\/\/www.sprachschule-aktiv-dortmund.de\/fr\/enregistrement\/\" class=\"pgs_btn pgs_btn_style_1 pgs_btn_xl\">\n\t\t\t<span>\n\t\t\t\tS\u2019inscrire maintenant!\t\t\t<\/span>\n\t\t\t\t\t\t<i class=\"fa fa-angle-double-right\"><\/i>\n\t\t\t\t\t<\/a>\n\t<\/div>\n\t[\/vc_column_inner][\/vc_row_inner][\/vc_column][\/vc_row][vc_row css=&#8221;.vc_custom_1538648120619{margin-top: 20px !important;}&#8221;][vc_column][vc_column_text]<\/p>\n<h1>Apprendre l&#8217;allemand \u00e0 Dortmund &#8211; Cours d&#8217;allemand de A1 \u00e0 C2 &#8211; \u00c9cole de langue allemande<\/h1>\n<p>[\/vc_column_text][vc_row_inner][vc_column_inner width=&#8221;1\/2&#8243;][vc_column_text] <\/p>\n<div class=\"brlbs-cmpnt-container brlbs-cmpnt-content-blocker brlbs-cmpnt-with-individual-styles\" data-borlabs-cookie-content-blocker-id=\"default\" data-borlabs-cookie-content=\"PGlmcmFtZSBzcmM9Imh0dHBzOi8vd3d3LnlvdXR1YmUuY29tL2VtYmVkL09tbERYMXJETC13IiB3aWR0aD0iMTAwJSIgaGVpZ2h0PSIzNTAiIGZyYW1lYm9yZGVyPSIwIiBhbGxvd2Z1bGxzY3JlZW49ImFsbG93ZnVsbHNjcmVlbiI+PC9pZnJhbWU+\">\n<div class=\"brlbs-cmpnt-cb-preset-a\">\n<p class=\"brlbs-cmpnt-cb-description\">Vous \u00eates actuellement en train de consulter le contenu d&#8217;un espace r\u00e9serv\u00e9 de <strong>Par d\u00e9faut<\/strong>. Pour acc\u00e9der au contenu r\u00e9el, cliquez sur le bouton ci-dessous. Veuillez noter que ce faisant, des donn\u00e9es seront partag\u00e9es avec des providers tiers.<\/p>\n<div class=\"brlbs-cmpnt-cb-buttons\"> <a class=\"brlbs-cmpnt-cb-btn\" href=\"#\" data-borlabs-cookie-unblock role=\"button\">D\u00e9bloquer le contenu<\/a> <a class=\"brlbs-cmpnt-cb-btn\" href=\"#\" data-borlabs-cookie-accept-service role=\"button\" style=\"display: none\">Accepter le service requis et d\u00e9bloquer les contenus<\/a> <\/div>\n<p> <a class=\"brlbs-cmpnt-cb-provider-toggle\" href=\"#\" data-borlabs-cookie-show-provider-information role=\"button\">Plus d&#8217;informations<\/a> <\/div>\n<\/div>\n<p>[\/vc_column_text][\/vc_column_inner][vc_column_inner width=&#8221;1\/2&#8243;][vc_column_text]L&#8217;allemand devient de plus en plus important en tant que langue de travail dans l&#8217;Union europ\u00e9enne. Avec Sprachschule Aktiv de Dortmund, vous pouvez apprendre l&#8217;allemand de mani\u00e8re professionnelle &#8211; vos le\u00e7ons d&#8217;allemand optimis\u00e9es pour votre travail et votre vie quotidienne. L&#8217;Allemagne a besoin de sp\u00e9cialistes \u00e9trangers, par exemple dans le domaine m\u00e9dical comme les m\u00e9decins ou le personnel infirmier. Mais dans d&#8217;autres groupes professionnels \u00e9galement, les employ\u00e9s \u00e9trangers sont recherch\u00e9s. Pour trouver un emploi en Allemagne ou pour pouvoir \u00e9tudier dans une universit\u00e9 de la R\u00e9publique f\u00e9d\u00e9rale d&#8217;Allemagne, vous devez avoir des connaissances appropri\u00e9es en allemand. \u00c0 Sprachschule Aktiv, vous pouvez commencer \u00e0 apprendre l&#8217;allemand du niveau d\u00e9butant A1 \u00e0 C2.[\/vc_column_text]\t<div class=\"vc_btn3-container vc_btn3-left\">\n\t\t<a href=\"https:\/\/www.sprachschule-aktiv-dortmund.de\/fr\/contactez-nous\/\" class=\"pgs_btn pgs_btn_style_1 pgs_btn_lg\">\n\t\t\t<span>\n\t\t\t\tContactez-nous\t\t\t<\/span>\n\t\t\t\t\t\t<i class=\"fa fa-angle-right\"><\/i>\n\t\t\t\t\t<\/a>\n\t<\/div>\n\t[\/vc_column_inner][\/vc_row_inner][\/vc_column][\/vc_row][vc_row full_width=&#8221;stretch_row&#8221; css=&#8221;.vc_custom_1538648473780{padding-top: 10px !important;padding-bottom: 25px !important;background-color: #f9f9f9 !important;}&#8221;][vc_column][vc_column_text]<\/p>\n<h2>Nos cours d&#8217;allemand \u00e0 Dortmund &#8211; choisissez entre les cours intensifs, les cours du soir et les cours particuliers<\/h2>\n<p>[\/vc_column_text][vc_single_image image=&#8221;829&#8243; img_size=&#8221;full&#8221; alignment=&#8221;center&#8221;][vc_column_text]L&#8217;\u00e9ventail de nos diff\u00e9rents cours est adapt\u00e9 aux besoins de nos participants. Pour les apprentis en allemand qui veulent un apprentissage rapide, le cours intensif de 20 le\u00e7ons par semaine est adapt\u00e9. Pour ceux qui ne peuvent pas assister aux cours d&#8217;allemand pendant la journ\u00e9e, nous proposons les cours du soir de 90 minutes par semaine. Bien entendu, vous pouvez \u00e9galement prendre des cours particuliers. Dans ce cas, vous \u00eates libre de choisir les dates des cours ainsi que le lieu d&#8217;enseignement. Vous pouvez utiliser les salles de notre institut de langues ou votre professeur d&#8217;allemand vous rendra visite sur votre lieu de travail ou dans votre logement. Pour les cours en entreprise, nous proposons \u00e9galement des formations en interne avec des horaires flexibles.[\/vc_column_text]\t<div class=\"vc_btn3-container vc_btn3-left\">\n\t\t<a href=\"https:\/\/www.sprachschule-aktiv-dortmund.de\/fr\/enregistrement\/\" class=\"pgs_btn pgs_btn_style_1 pgs_btn_lg\">\n\t\t\t<span>\n\t\t\t\tS&#039;inscrire maintenant\t\t\t<\/span>\n\t\t\t\t\t\t<i class=\"fa fa-angle-right\"><\/i>\n\t\t\t\t\t<\/a>\n\t<\/div>\n\t[\/vc_column][\/vc_row][vc_row css=&#8221;.vc_custom_1538648446418{margin-top: 15px !important;}&#8221;][vc_column width=&#8221;1\/2&#8243;][vc_column_text]<\/p>\n<h2>Niveaux d\u00b4enseignement de A1 \u00e0 C2 &#8211; des le\u00e7ons d&#8217;allemand optimales pour votre travail ainsi que dans votre quotidien<\/h2>\n<p>Nos cours d&#8217;allemand sont structur\u00e9s selon le Cadre europ\u00e9en de r\u00e9f\u00e9rence pour les langues. En tant que d\u00e9butant, vous commencez par l&#8217;A1. Vous pouvez ensuite passer par les niveaux A2, B1, B2, C1 et C2. Vous recevrez des cours d&#8217;allemand qui vous apporteront un soutien intensif dans les quatre grandes cat\u00e9gories que sont la lecture, l&#8217;\u00e9criture, la compr\u00e9hension et l&#8217;expression orale. Gr\u00e2ce \u00e0 des supports divertissants et \u00e0 un plan de cours interactif, vous serez heureux de voir \u00e0 quelle vitesse vous progressez. Votre professeur d&#8217;allemand vous guidera dans les moindres d\u00e9tails de la grammaire allemande et vous aidera \u00e0 r\u00e9soudre vos probl\u00e8mes de compr\u00e9hension. Vous pouvez conna\u00eetre votre niveau de langue gr\u00e2ce \u00e0 nos tests de niveau gratuits.[\/vc_column_text]\t<div class=\"vc_btn3-container vc_btn3-left\">\n\t\t<a href=\"https:\/\/www.sprachschule-aktiv-dortmund.de\/fr\/enregistrement\/\" class=\"pgs_btn pgs_btn_style_1 pgs_btn_lg\">\n\t\t\t<span>\n\t\t\t\tS&#039;inscrire maintenant\t\t\t<\/span>\n\t\t\t\t\t\t<i class=\"fa fa-angle-right\"><\/i>\n\t\t\t\t\t<\/a>\n\t<\/div>\n\t[\/vc_column][vc_column width=&#8221;1\/2&#8243;][vc_single_image image=&#8221;832&#8243; img_size=&#8221;full&#8221; alignment=&#8221;center&#8221; css=&#8221;.vc_custom_1604088836107{margin-top: 50px !important;}&#8221;][\/vc_column][\/vc_row][vc_row full_width=&#8221;stretch_row&#8221; css=&#8221;.vc_custom_1538648658554{padding-top: 10px !important;padding-bottom: 25px !important;background-color: #f9f9f9 !important;}&#8221;][vc_column][vc_column_text]<\/p>\n<h2>Cours d&#8217;allemand \u00e0 Dortmund &#8211; prix, dates et inscription<\/h2>\n<p>[\/vc_column_text][vc_row_inner][vc_column_inner width=&#8221;1\/2&#8243;][vc_column_text]<strong>Cours d&#8217;allemand du matin \u2013 du lundi au jeudi<\/strong><br \/>\nDates: du lundi au jeudi de 9h00 \u00e0 12h00<br \/>\nD\u00e9but des cours : premier lundi du mois<br \/>\nDur\u00e9e: 4 semaines<br \/>\nPrix: 289 \u20ac<\/p>\n<p><strong>Cours d&#8217;allemand intensifs &#8211; du lundi au vendredi<\/strong><br \/>\nDates: du lundi au vendredi de 9h00 \u00e0 12h00<br \/>\nD\u00e9but des cours : premier lundi du mois<br \/>\nDur\u00e9e: 4 semaines<br \/>\nPrix: 399 \u20ac<\/p>\n<p><strong>Cours d&#8217;allemand du soir<\/strong><br \/>\nDates: du lundi au vendredi de 19h00 \u00e0 20h30<br \/>\nD\u00e9but des cours : premier lundi du mois<br \/>\nDur\u00e9e: 4 semaines<br \/>\nPrix: 279 \u20ac<br \/>\n[\/vc_column_text][\/vc_column_inner][vc_column_inner width=&#8221;1\/2&#8243;][vc_video link=&#8221;https:\/\/youtu.be\/54-5aCU96MM&#8221;]\t<div class=\"vc_btn3-container vc_btn3-left\">\n\t\t<a href=\"https:\/\/www.sprachschule-aktiv-dortmund.de\/fr\/enregistrement\/\" class=\"pgs_btn pgs_btn_style_1 pgs_btn_lg\">\n\t\t\t<span>\n\t\t\t\tS&#039;inscrire maintenant\t\t\t<\/span>\n\t\t\t\t\t\t<i class=\"fa fa-angle-right\"><\/i>\n\t\t\t\t\t<\/a>\n\t<\/div>\n\t[\/vc_column_inner][\/vc_row_inner][\/vc_column][\/vc_row][vc_row css=&#8221;.vc_custom_1544170855256{padding-bottom: 20px !important;}&#8221;][vc_column][vc_column_text]<\/p>\n<h2>Votre syst\u00e8me de s\u00e9curit\u00e9 pour apprendre l&#8217;allemand \u00e0 Dortmund<\/h2>\n<p>Notre syst\u00e8me de s\u00e9curit\u00e9 est particuli\u00e8rement avantageux lorsque vous suivez un cours d&#8217;allemand \u00e0 Sprachschule Aktiv de Dortmund. Cela comprend une le\u00e7on d&#8217;essai gratuite, qui vous donne la possibilit\u00e9 de tester les le\u00e7ons \u00e0 l&#8217;avance. Vous pouvez vous familiariser avec la m\u00e9thodologie et le professeur, puis d\u00e9cider si vous voulez vous inscrire au cours d&#8217;allemand. Nous offrons \u00e9galement une garantie de remboursement. Donc, si vous avez d\u00e9j\u00e0 commenc\u00e9 le cours et que vous ne remarquez qu&#8217;apr\u00e8s quelques jours que vous n&#8217;aimez pas des \u00e9l\u00e9ments des le\u00e7ons, veuillez nous contacter. Vous r\u00e9cup\u00e9rerez vos frais de cours.<\/p>\n<h2>Apprendre l&#8217;allemand en petits groupes &#8211; Cours d&#8217;allemand pour d\u00e9butants et avanc\u00e9s<\/h2>\n<p>Afin de garantir la qualit\u00e9 de nos cours d&#8217;allemand, nous attachons non seulement une grande importance aux m\u00e9thodes d&#8217;enseignement les plus modernes et au mat\u00e9riel p\u00e9dagogique de qualit\u00e9, mais nous limitons \u00e9galement \u00e0 10 le nombre de participants \u00e0 chaque cours. Ainsi, vous pouvez \u00eatre s\u00fbr que votre professeur d&#8217;allemand sera toujours attentif \u00e0 vous, r\u00e9pondra \u00e0 vos questions et vous expliquera \u00e0 nouveau les structures grammaticales difficiles.[\/vc_column_text][\/vc_column][\/vc_row][vc_row full_width=&#8221;stretch_row&#8221; css=&#8221;.vc_custom_1604084560019{padding-top: 15px !important;padding-bottom: 15px !important;background-color: #f8f8f8 !important;}&#8221;][vc_column][vc_column_text]<\/p>\n<h2>Cours d&#8217;allemand avec des professionnels \u00e0 Dortmund<\/h2>\n<p>Seuls les professeurs dont la langue maternelle est l&#8217;allemand travaillent \u00e0 Sprachschule Aktiv de Dortmund. En outre, nous consid\u00e9rons comme une condition pr\u00e9alable \u00e0 l&#8217;emploi dans notre entreprise le fait que le candidat ait d\u00e9j\u00e0 prouv\u00e9 ses capacit\u00e9s pendant de nombreuses ann\u00e9es et que ses connaissances soient fond\u00e9es sur une solide formation universitaire. Une personnalit\u00e9 sympathique et empathique parmi le personnel enseignant est \u00e9galement importante pour nous.<\/p>\n<h2>Vous avez des questions ?<\/h2>\n<p>Si vous avez des questions sur nos cours d&#8217;allemand, n&#8217;h\u00e9sitez pas \u00e0 nous contacter. Notre \u00e9quipe de service se r\u00e9jouit de votre e-mail ou de votre appel et vous conseillera \u00e0 tout moment de mani\u00e8re comp\u00e9tente et sans engagement.[\/vc_column_text][\/vc_column][\/vc_row]<\/p>\n","protected":false},"excerpt":{"rendered":"<p>[vc_row full_width=&#8221;stretch_row_content_no_spaces&#8221; content_placement=&#8221;middle&#8221; css=&#8221;.vc_custom_1609838805447{background: #d6d5d3 url(https:\/\/www.sprachschule-aktiv-muenchen.de\/wp-content\/uploads\/2021\/01\/fondo-2.jpg?id=61569) !important;background-position: 0 0 !important;background-repeat: repeat !important;}&#8221;][vc_column width=&#8221;1\/2&#8243;][vc_single_image image=&#8221;1560&#8243; img_size=&#8221;full&#8221; alignment=&#8221;center&#8221;][\/vc_column][vc_column width=&#8221;1\/2&#8243; css=&#8221;.vc_custom_1609834442227{background-position: center !important;background-repeat: no-repeat !important;background-size: contain !important;}&#8221;][vc_column_text] Bienvenue [\/vc_column_text][vc_column_text] Apprendre l&#8217;allemand \u00e0 Dortmund [\/vc_column_text][vc_row_inner css=&#8221;.vc_custom_1609833991579{margin-top: 10px !important;}&#8221;][vc_column_inner][\/vc_column_inner][\/vc_row_inner][\/vc_column][\/vc_row][vc_row css=&#8221;.vc_custom_1538648120619{margin-top: 20px !important;}&#8221;][vc_column][vc_column_text] Apprendre l&#8217;allemand \u00e0 Dortmund &#8211; Cours d&#8217;allemand de A1 \u00e0 C2 &#8211; \u00c9cole de langue allemande [\/vc_column_text][vc_row_inner][vc_column_inner width=&#8221;1\/2&#8243;][vc_column_text]&hellip; <a class=\"read-more\" href=\"https:\/\/www.sprachschule-aktiv-dortmund.de\/fr\/\" title=\"Read Home\">Read more &raquo;<\/a><\/p>\n","protected":false},"author":1,"featured_media":0,"parent":0,"menu_order":0,"comment_status":"closed","ping_status":"closed","template":"","meta":{"footnotes":""},"class_list":["post-826","page","type-page","status-publish","hentry"],"acf":[],"yoast_head":"<!-- This site is optimized with the Yoast SEO plugin v27.2 - https:\/\/yoast.com\/product\/yoast-seo-wordpress\/ -->\n<title>Cours d&#039;allemand \u00e0 Dortmund - \u00c9cole de langue allemande<\/title>\n<meta name=\"description\" content=\"Nos cours d&#039;allemand \u00e0 Dortmund: cours particuliers, cours du soir et cours intensifs. Cours d&#039;allemand de A1 \u00e0 C2. Cours d&#039;essai gratuit!\" \/>\n<meta name=\"robots\" content=\"index, follow, max-snippet:-1, max-image-preview:large, max-video-preview:-1\" \/>\n<link rel=\"canonical\" href=\"https:\/\/www.sprachschule-aktiv-dortmund.de\/fr\/\" \/>\n<meta property=\"og:locale\" content=\"fr_FR\" \/>\n<meta property=\"og:type\" content=\"article\" \/>\n<meta property=\"og:title\" content=\"Cours d&#039;allemand \u00e0 Dortmund - \u00c9cole de langue allemande\" \/>\n<meta property=\"og:description\" content=\"Nos cours d&#039;allemand \u00e0 Dortmund: cours particuliers, cours du soir et cours intensifs. Cours d&#039;allemand de A1 \u00e0 C2. Cours d&#039;essai gratuit!\" \/>\n<meta property=\"og:url\" content=\"https:\/\/www.sprachschule-aktiv-dortmund.de\/fr\/\" \/>\n<meta property=\"og:site_name\" content=\"Sprachschule Aktiv Dortmund\" \/>\n<meta property=\"article:modified_time\" content=\"2021-01-11T19:00:54+00:00\" \/>\n<meta name=\"twitter:card\" content=\"summary_large_image\" \/>\n<meta name=\"twitter:label1\" content=\"Dur\u00e9e de lecture estim\u00e9e\" \/>\n\t<meta name=\"twitter:data1\" content=\"7 minutes\" \/>\n<script type=\"application\/ld+json\" class=\"yoast-schema-graph\">{\"@context\":\"https:\/\/schema.org\",\"@graph\":[{\"@type\":\"WebPage\",\"@id\":\"https:\/\/www.sprachschule-aktiv-dortmund.de\/fr\/\",\"url\":\"https:\/\/www.sprachschule-aktiv-dortmund.de\/fr\/\",\"name\":\"Cours d'allemand \u00e0 Dortmund - \u00c9cole de langue allemande\",\"isPartOf\":{\"@id\":\"https:\/\/www.sprachschule-aktiv-dortmund.de\/#website\"},\"datePublished\":\"2018-01-11T17:49:20+00:00\",\"dateModified\":\"2021-01-11T19:00:54+00:00\",\"description\":\"Nos cours d'allemand \u00e0 Dortmund: cours particuliers, cours du soir et cours intensifs. Cours d'allemand de A1 \u00e0 C2. Cours d'essai gratuit!\",\"breadcrumb\":{\"@id\":\"https:\/\/www.sprachschule-aktiv-dortmund.de\/fr\/#breadcrumb\"},\"inLanguage\":\"fr-FR\",\"potentialAction\":[{\"@type\":\"ReadAction\",\"target\":[\"https:\/\/www.sprachschule-aktiv-dortmund.de\/fr\/\"]}]},{\"@type\":\"BreadcrumbList\",\"@id\":\"https:\/\/www.sprachschule-aktiv-dortmund.de\/fr\/#breadcrumb\",\"itemListElement\":[{\"@type\":\"ListItem\",\"position\":1,\"name\":\"Startseite\",\"item\":\"https:\/\/www.sprachschule-aktiv-dortmund.de\/fr\/\"},{\"@type\":\"ListItem\",\"position\":2,\"name\":\"Home\"}]},{\"@type\":\"WebSite\",\"@id\":\"https:\/\/www.sprachschule-aktiv-dortmund.de\/#website\",\"url\":\"https:\/\/www.sprachschule-aktiv-dortmund.de\/\",\"name\":\"Sprachschule Aktiv Dortmund\",\"description\":\"\",\"potentialAction\":[{\"@type\":\"SearchAction\",\"target\":{\"@type\":\"EntryPoint\",\"urlTemplate\":\"https:\/\/www.sprachschule-aktiv-dortmund.de\/?s={search_term_string}\"},\"query-input\":{\"@type\":\"PropertyValueSpecification\",\"valueRequired\":true,\"valueName\":\"search_term_string\"}}],\"inLanguage\":\"fr-FR\"}]}<\/script>\n<!-- \/ Yoast SEO plugin. -->","yoast_head_json":{"title":"Cours d'allemand \u00e0 Dortmund - \u00c9cole de langue allemande","description":"Nos cours d'allemand \u00e0 Dortmund: cours particuliers, cours du soir et cours intensifs. Cours d'allemand de A1 \u00e0 C2. Cours d'essai gratuit!","robots":{"index":"index","follow":"follow","max-snippet":"max-snippet:-1","max-image-preview":"max-image-preview:large","max-video-preview":"max-video-preview:-1"},"canonical":"https:\/\/www.sprachschule-aktiv-dortmund.de\/fr\/","og_locale":"fr_FR","og_type":"article","og_title":"Cours d'allemand \u00e0 Dortmund - \u00c9cole de langue allemande","og_description":"Nos cours d'allemand \u00e0 Dortmund: cours particuliers, cours du soir et cours intensifs. Cours d'allemand de A1 \u00e0 C2. Cours d'essai gratuit!","og_url":"https:\/\/www.sprachschule-aktiv-dortmund.de\/fr\/","og_site_name":"Sprachschule Aktiv Dortmund","article_modified_time":"2021-01-11T19:00:54+00:00","twitter_card":"summary_large_image","twitter_misc":{"Dur\u00e9e de lecture estim\u00e9e":"7 minutes"},"schema":{"@context":"https:\/\/schema.org","@graph":[{"@type":"WebPage","@id":"https:\/\/www.sprachschule-aktiv-dortmund.de\/fr\/","url":"https:\/\/www.sprachschule-aktiv-dortmund.de\/fr\/","name":"Cours d'allemand \u00e0 Dortmund - \u00c9cole de langue allemande","isPartOf":{"@id":"https:\/\/www.sprachschule-aktiv-dortmund.de\/#website"},"datePublished":"2018-01-11T17:49:20+00:00","dateModified":"2021-01-11T19:00:54+00:00","description":"Nos cours d'allemand \u00e0 Dortmund: cours particuliers, cours du soir et cours intensifs. Cours d'allemand de A1 \u00e0 C2. Cours d'essai gratuit!","breadcrumb":{"@id":"https:\/\/www.sprachschule-aktiv-dortmund.de\/fr\/#breadcrumb"},"inLanguage":"fr-FR","potentialAction":[{"@type":"ReadAction","target":["https:\/\/www.sprachschule-aktiv-dortmund.de\/fr\/"]}]},{"@type":"BreadcrumbList","@id":"https:\/\/www.sprachschule-aktiv-dortmund.de\/fr\/#breadcrumb","itemListElement":[{"@type":"ListItem","position":1,"name":"Startseite","item":"https:\/\/www.sprachschule-aktiv-dortmund.de\/fr\/"},{"@type":"ListItem","position":2,"name":"Home"}]},{"@type":"WebSite","@id":"https:\/\/www.sprachschule-aktiv-dortmund.de\/#website","url":"https:\/\/www.sprachschule-aktiv-dortmund.de\/","name":"Sprachschule Aktiv Dortmund","description":"","potentialAction":[{"@type":"SearchAction","target":{"@type":"EntryPoint","urlTemplate":"https:\/\/www.sprachschule-aktiv-dortmund.de\/?s={search_term_string}"},"query-input":{"@type":"PropertyValueSpecification","valueRequired":true,"valueName":"search_term_string"}}],"inLanguage":"fr-FR"}]}},"_links":{"self":[{"href":"https:\/\/www.sprachschule-aktiv-dortmund.de\/fr\/wp-json\/wp\/v2\/pages\/826","targetHints":{"allow":["GET"]}}],"collection":[{"href":"https:\/\/www.sprachschule-aktiv-dortmund.de\/fr\/wp-json\/wp\/v2\/pages"}],"about":[{"href":"https:\/\/www.sprachschule-aktiv-dortmund.de\/fr\/wp-json\/wp\/v2\/types\/page"}],"author":[{"embeddable":true,"href":"https:\/\/www.sprachschule-aktiv-dortmund.de\/fr\/wp-json\/wp\/v2\/users\/1"}],"replies":[{"embeddable":true,"href":"https:\/\/www.sprachschule-aktiv-dortmund.de\/fr\/wp-json\/wp\/v2\/comments?post=826"}],"version-history":[{"count":7,"href":"https:\/\/www.sprachschule-aktiv-dortmund.de\/fr\/wp-json\/wp\/v2\/pages\/826\/revisions"}],"predecessor-version":[{"id":1569,"href":"https:\/\/www.sprachschule-aktiv-dortmund.de\/fr\/wp-json\/wp\/v2\/pages\/826\/revisions\/1569"}],"wp:attachment":[{"href":"https:\/\/www.sprachschule-aktiv-dortmund.de\/fr\/wp-json\/wp\/v2\/media?parent=826"}],"curies":[{"name":"wp","href":"https:\/\/api.w.org\/{rel}","templated":true}]}}